{"id":284,"date":"2021-05-16T21:32:38","date_gmt":"2021-05-16T21:32:38","guid":{"rendered":"https:\/\/preview.treethemes.com\/maple\/demo8\/?page_id=284"},"modified":"2026-01-13T02:15:36","modified_gmt":"2026-01-13T01:15:36","slug":"home","status":"publish","type":"page","link":"https:\/\/rabiha-ansari.de\/","title":{"rendered":"Home"},"content":{"rendered":"<div class=\"wpb-content-wrapper\"><p>[vc_row][vc_column]\n\t\t\t\t<p class=\"rs-p-wp-fix\"><\/p>\n\t\t\t\t<sr7-module data-alias=\"demo-7-1\" data-id=\"3\" id=\"SR7_3_1\" class=\"rs-respect-topbar rs-ov-hidden\" data-version=\"6.7.38\">\n\t\t\t\t\t<sr7-adjuster><\/sr7-adjuster>\n\t\t\t\t\t<sr7-content>\n\t\t\t\t\t\t<sr7-slide id=\"SR7_3_1-11\" data-key=\"11\">\n\t\t\t\t\t\t\t<sr7-txt id=\"SR7_3_1-11-7\" class=\"sr7-layer\">Vollendung beginnt dort, wo Anspruch zur Haltung wird.<\/sr7-txt>\n\t\t\t\t\t\t\t<sr7-txt id=\"SR7_3_1-11-8\" class=\"sr7-layer\">Exzellenz<\/sr7-txt>\n\t\t\t\t\t\t\t<sr7-txt id=\"SR7_3_1-11-22\" class=\"sr7-layer\">0{{current_slide_index}}<\/sr7-txt>\n\t\t\t\t\t\t<\/sr7-slide>\n\t\t\t\t\t\t<sr7-slide id=\"SR7_3_1-13\" data-key=\"13\">\n\t\t\t\t\t\t\t<sr7-txt id=\"SR7_3_1-13-7\" class=\"sr7-layer\">Jede Ver\u00e4nderung tr\u00e4gt den Keim der Meisterschaft.<\/sr7-txt>\n\t\t\t\t\t\t\t<sr7-txt id=\"SR7_3_1-13-8\" class=\"sr7-layer\">Wandlung<\/sr7-txt>\n\t\t\t\t\t\t\t<sr7-txt id=\"SR7_3_1-13-22\" class=\"sr7-layer\">0{{current_slide_index}}<\/sr7-txt>\n\t\t\t\t\t\t<\/sr7-slide>\n\t\t\t\t\t\t<sr7-slide id=\"SR7_3_1-15\" data-key=\"15\">\n\t\t\t\t\t\t\t<sr7-txt id=\"SR7_3_1-15-7\" class=\"sr7-layer\">Ein bleibender Eindruck, geschaffen durch Weitsicht und Intention.<\/sr7-txt>\n\t\t\t\t\t\t\t<sr7-txt id=\"SR7_3_1-15-8\" class=\"sr7-layer\">Wirkung<\/sr7-txt>\n\t\t\t\t\t\t\t<sr7-txt id=\"SR7_3_1-15-22\" class=\"sr7-layer\">0{{current_slide_index}}<\/sr7-txt>\n\t\t\t\t\t\t<\/sr7-slide>\n\t\t\t\t\t\t<sr7-slide id=\"SR7_3_1-12\" data-key=\"12\">\n\t\t\t\t\t\t\t<sr7-txt id=\"SR7_3_1-12-7\" class=\"sr7-layer\">Die Kunst, Zukunft bewusst zu gestalten.<\/sr7-txt>\n\t\t\t\t\t\t\t<sr7-txt id=\"SR7_3_1-12-8\" class=\"sr7-layer\">Freiheit<\/sr7-txt>\n\t\t\t\t\t\t\t<sr7-txt id=\"SR7_3_1-12-22\" class=\"sr7-layer\">0{{current_slide_index}}<\/sr7-txt>\n\t\t\t\t\t\t<\/sr7-slide>\n\t\t\t\t\t\t<sr7-slide id=\"SR7_3_1-14\" data-key=\"14\">\n\t\t\t\t\t\t\t<sr7-txt id=\"SR7_3_1-14-7\" class=\"sr7-layer\">Wahre Klarheit entsteht im Verstehen des Verborgenen.<\/sr7-txt>\n\t\t\t\t\t\t\t<sr7-txt id=\"SR7_3_1-14-8\" class=\"sr7-layer\">Weitsicht<\/sr7-txt>\n\t\t\t\t\t\t\t<sr7-txt id=\"SR7_3_1-14-22\" class=\"sr7-layer\">0{{current_slide_index}}<\/sr7-txt>\n\t\t\t\t\t\t<\/sr7-slide>\n\t\t\t\t\t\t<sr7-slide id=\"SR7_3_1-16\" data-key=\"16\">\n\t\t\t\t\t\t<\/sr7-slide>\n\t\t\t\t\t<\/sr7-content>\n\t\t\t\t\t<image_lists style=\"display:none\">\n\t\t\t\t\t\t<img data-src=\"\/\/rabiha-ansari.de\/wp-content\/uploads\/2025\/10\/20250915_0057_Maroon-Designer-Heels_simple_compose_01k5573adnfc7ve82rn7ped9th.png\" data-libid=\"445\" title=\"20250915_0057_Maroon Designer Heels_simple_compose_01k5573adnfc7ve82rn7ped9th\" width=\"0\" height=\"0\" data-dbsrc=\"Ly9yYWJpaGEtYW5zYXJpLmRlL3dwLWNvbnRlbnQvdXBsb2Fkcy8yMDI1LzEwLzIwMjUwOTE1XzAwNTdfTWFyb29uLURlc2lnbmVyLUhlZWxzX3NpbXBsZV9jb21wb3NlXzAxazU1NzNhZG5mYzd2ZTgycm43cGVkOXRoLnBuZw==\"\/>\n\t\t\t\t\t\t<img data-src=\"\/\/rabiha-ansari.de\/wp-content\/uploads\/2025\/10\/GENAI_artificialintelligence_picture-103-e1760153316850.png\" data-libid=\"429\" title=\"GENAI_artificialintelligence_picture (103)\" width=\"0\" height=\"0\" data-dbsrc=\"Ly9yYWJpaGEtYW5zYXJpLmRlL3dwLWNvbnRlbnQvdXBsb2Fkcy8yMDI1LzEwL0dFTkFJX2FydGlmaWNpYWxpbnRlbGxpZ2VuY2VfcGljdHVyZS0xMDMtZTE3NjAxNTMzMTY4NTAucG5n\"\/>\n\t\t\t\t\t\t<img data-src=\"\/\/rabiha-ansari.de\/wp-content\/uploads\/2025\/10\/20250915_0052_Eleganter-Parfum-Flakon_simple_compose_01k556r8x9ftgvha7v0zrrfhxt.png\" data-libid=\"430\" title=\"20250915_0052_Eleganter Parfum Flakon_simple_compose_01k556r8x9ftgvha7v0zrrfhxt\" width=\"0\" height=\"0\" data-dbsrc=\"Ly9yYWJpaGEtYW5zYXJpLmRlL3dwLWNvbnRlbnQvdXBsb2Fkcy8yMDI1LzEwLzIwMjUwOTE1XzAwNTJfRWxlZ2FudGVyLVBhcmZ1bS1GbGFrb25fc2ltcGxlX2NvbXBvc2VfMDFrNTU2cjh4OWZ0Z3ZoYTd2MHpycmZoeHQucG5n\"\/>\n\t\t\t\t\t\t<img data-src=\"\/\/rabiha-ansari.de\/wp-content\/uploads\/2025\/10\/GENAI_artificialintelligence_picture-105.png\" data-libid=\"446\" title=\"GENAI_artificialintelligence_picture (105)\" width=\"0\" height=\"0\" data-dbsrc=\"Ly9yYWJpaGEtYW5zYXJpLmRlL3dwLWNvbnRlbnQvdXBsb2Fkcy8yMDI1LzEwL0dFTkFJX2FydGlmaWNpYWxpbnRlbGxpZ2VuY2VfcGljdHVyZS0xMDUucG5n\"\/>\n\t\t\t\t\t\t<img data-src=\"\/\/rabiha-ansari.de\/wp-content\/uploads\/2025\/10\/20250915_0246_Luxurioeses-Gold-Smaragd-Armband_simple_compose_01k55d9r77fhcsr88nmyhrrwmx.png\" data-libid=\"438\" title=\"20250915_0246_Luxuri\u00f6ses Gold-Smaragd Armband_simple_compose_01k55d9r77fhcsr88nmyhrrwmx\" width=\"0\" height=\"0\" data-dbsrc=\"Ly9yYWJpaGEtYW5zYXJpLmRlL3dwLWNvbnRlbnQvdXBsb2Fkcy8yMDI1LzEwLzIwMjUwOTE1XzAyNDZfTHV4dXJpb2VzZXMtR29sZC1TbWFyYWdkLUFybWJhbmRfc2ltcGxlX2NvbXBvc2VfMDFrNTVkOXI3N2ZoY3NyODhubXlocnJ3bXgucG5n\"\/>\n\t\t\t\t\t\t<img data-src=\"\/\/rabiha-ansari.de\/wp-content\/uploads\/2025\/10\/20251011_0608_Cheetahs-Confident-Pose_simple_compose_01k78q7f98eddaw25cq77hp046.png\" data-libid=\"437\" title=\"20251011_0608_Cheetah&#8217;s Confident Pose_simple_compose_01k78q7f98eddaw25cq77hp046\" width=\"0\" height=\"0\" data-dbsrc=\"Ly9yYWJpaGEtYW5zYXJpLmRlL3dwLWNvbnRlbnQvdXBsb2Fkcy8yMDI1LzEwLzIwMjUxMDExXzA2MDhfQ2hlZXRhaHMtQ29uZmlkZW50LVBvc2Vfc2ltcGxlX2NvbXBvc2VfMDFrNzhxN2Y5OGVkZGF3MjVjcTc3aHAwNDYucG5n\"\/>\n\t\t\t\t\t\t<img data-src=\"\/\/rabiha-ansari.de\/wp-content\/uploads\/2025\/10\/20250924_0915_Sleek-Black-Sports-Car_simple_compose_01k5x93nrefzyvew1vpv405xgz.png\" data-libid=\"448\" title=\"20250924_0915_Sleek Black Sports Car_simple_compose_01k5x93nrefzyvew1vpv405xgz\" width=\"0\" height=\"0\" data-dbsrc=\"Ly9yYWJpaGEtYW5zYXJpLmRlL3dwLWNvbnRlbnQvdXBsb2Fkcy8yMDI1LzEwLzIwMjUwOTI0XzA5MTVfU2xlZWstQmxhY2stU3BvcnRzLUNhcl9zaW1wbGVfY29tcG9zZV8wMWs1eDkzbnJlZnp5dmV3MXZwdjQwNXhnei5wbmc=\"\/>\n\t\t\t\t\t\t<img data-src=\"\/\/rabiha-ansari.de\/wp-content\/uploads\/2025\/10\/20250929_1905_Korean-Fashion-Icon_simple_compose_01k6b6y65cejx8bx7fqx2appgw.png\" data-libid=\"439\" title=\"20250929_1905_Korean Fashion Icon_simple_compose_01k6b6y65cejx8bx7fqx2appgw\" width=\"0\" height=\"0\" data-dbsrc=\"Ly9yYWJpaGEtYW5zYXJpLmRlL3dwLWNvbnRlbnQvdXBsb2Fkcy8yMDI1LzEwLzIwMjUwOTI5XzE5MDVfS29yZWFuLUZhc2hpb24tSWNvbl9zaW1wbGVfY29tcG9zZV8wMWs2YjZ5NjVjZWp4OGJ4N2ZxeDJhcHBndy5wbmc=\"\/>\n\t\t\t\t\t\t<img data-src=\"\/\/rabiha-ansari.de\/wp-content\/uploads\/2025\/10\/GENAI_artificialintelligence_picture-78.png\" data-libid=\"440\" title=\"GENAI_artificialintelligence_picture (78)\" width=\"0\" height=\"0\" data-dbsrc=\"Ly9yYWJpaGEtYW5zYXJpLmRlL3dwLWNvbnRlbnQvdXBsb2Fkcy8yMDI1LzEwL0dFTkFJX2FydGlmaWNpYWxpbnRlbGxpZ2VuY2VfcGljdHVyZS03OC5wbmc=\"\/>\n\t\t\t\t\t\t<img data-src=\"\/\/rabiha-ansari.de\/wp-content\/uploads\/2025\/10\/GENAI_artificialintelligence_picture-48.png\" data-libid=\"444\" title=\"GENAI_artificialintelligence_picture (48)\" width=\"0\" height=\"0\" data-dbsrc=\"Ly9yYWJpaGEtYW5zYXJpLmRlL3dwLWNvbnRlbnQvdXBsb2Fkcy8yMDI1LzEwL0dFTkFJX2FydGlmaWNpYWxpbnRlbGxpZ2VuY2VfcGljdHVyZS00OC5wbmc=\"\/>\n\t\t\t\t\t<\/image_lists>\n\t\t\t\t<\/sr7-module>\n\t\t\t\t<script>\n\t\t\t\t\tSR7.PMH ??={}; SR7.PMH[\"SR7_3_1\"] = {cn:100,state:false,fn: function() { if (_tpt!==undefined && _tpt.prepareModuleHeight !== undefined) {  _tpt.prepareModuleHeight({id:\"SR7_3_1\",el:[900,900,767,960,720],type:'standard',shdw:'0',gh:[900,900,768,960,720],gw:[1240,1240,1024,778,480],vpt:['-100px&#039;,&#039;-100px&#039;,&#039;-100px&#039;,&#039;-100px&#039;,&#039;-100px'],size:{fullWidth:true, fullHeight:true},fho:'#masthead,',mh:'0',onh:0,onw:0,bg:{color:'{\"type\":\"solid\",\"orig\":\"#ffffff\",\"string\":\"rgba(255, 255, 255, 1)\"}'}});   SR7.PMH[\"SR7_3_1\"].state=true;} else if(SR7.PMH[\"SR7_3_1\"].cn-->0)\tsetTimeout( SR7.PMH[\"SR7_3_1\"].fn,19);}};SR7.PMH[\"SR7_3_1\" ].fn();\n\t\t\t\t<\/script>\n[vc_empty_space height=&#8220;100px&#8220;][vc_empty_space height=&#8220;100px&#8220;][\/vc_column][\/vc_row][vc_row][vc_column][vc_row_inner][vc_column_inner width=&#8220;1\/6&#8243;][\/vc_column_inner][vc_column_inner width=&#8220;2\/3&#8243;][vc_column_text css=&#8220;&#8220;]<\/p>\n<h3 style=\"text-align: center;\">Sie sp\u00fcren den Druck des technologischen Fortschritts und wissen nicht, wo Sie beginnen sollen?<\/h3>\n<h3 style=\"text-align: center;\">Ich begleite Sie pers\u00f6nlich dabei, K\u00fcnstliche Intelligenz souver\u00e4n zu verstehen und gezielt einzusetzen.<\/h3>\n<h3 style=\"text-align: center;\">Lernen Sie, KI zu beherrschen, bevor sie Sie beherrscht.<\/h3>\n<p style=\"text-align: center;\">Alle Bilder die sie oben in der Kopfzeile sehen, inkl. der Personen, Gegenst\u00e4nde und Tiere sind KI-generiert und nicht echt. So k\u00f6nnen Sie sehen wie beeindruckend KI-generierte Inhalte bereits sind und lebensecht aussehen k\u00f6nnen.<\/p>\n<p>[\/vc_column_text][vc_btn title=&#8220;Buchen Sie jetzt Ihren gratis 1:1 Kennenlerncall&#8220; color=&#8220;vista-blue&#8220; size=&#8220;lg&#8220; align=&#8220;center&#8220; i_icon_fontawesome=&#8220;fa fa-solid fa-comments&#8220; css=&#8220;&#8220; add_icon=&#8220;true&#8220; link=&#8220;url:https%3A%2F%2Fscheduler.zoom.us%2Frabiha-ansari%2Fzoom-call-deutsch|title:ZOOM%20Call|target:_blank&#8220;][\/vc_column_inner][vc_column_inner width=&#8220;1\/6&#8243;][\/vc_column_inner][\/vc_row_inner][\/vc_column][\/vc_row][vc_row][vc_column][vc_empty_space height=&#8220;100px&#8220;][\/vc_column][\/vc_row][vc_row][vc_column][vc_single_image image=&#8220;753&#8243; img_size=&#8220;large&#8220; alignment=&#8220;center&#8220; onclick=&#8220;custom_link&#8220; img_link_target=&#8220;_blank&#8220; css=&#8220;&#8220; link=&#8220;https:\/\/eu01web.zoom.us\/webinar\/register\/WN_36mt0P00ROWCvqSpklzYgg&#8220;][\/vc_column][\/vc_row][vc_row][vc_column][vc_empty_space height=&#8220;100px&#8220;][\/vc_column][\/vc_row][vc_row][vc_column width=&#8220;1\/4&#8243;][\/vc_column][vc_column width=&#8220;1\/2&#8243;][vc_column_text css=&#8220;&#8220;]<\/p>\n<div class=\"zm-form-item is-no-asterisk\" data-v-102c4052=\"\">\n<p class=\"zm-form-item__header\"><strong><label class=\"zm-form-item__label\" for=\"topic\">Thema:<br \/>\n<\/label><\/strong><strong>&#8222;Generative K\u00fcnstliche Intelligenz einfach erkl\u00e4rt in 90 Minuten mit Anwendungsf\u00e4llen&#8220;<\/strong><\/p>\n<p><strong>Moderatorin des Webinars: <a href=\"https:\/\/www.linkedin.com\/in\/rabihaansari\/\" target=\"_blank\" rel=\"noopener\">Rabiha Ansari<\/a><\/strong><\/p>\n<div>\n<p class=\"zm-form-item__header\"><strong><label class=\"zm-form-item__label\" for=\"time-view\">Datum &amp; Uhrzeit: Dienstag, <\/label>20. Januar 2026, 18.00 -19.30 Uhr MEZ<\/strong><\/p>\n<div><\/div>\n<div class=\"zm-form-item__header\"><strong>Inhalt:<\/strong> Alle reden \u00fcber generative KI wie z. B. ChatGPT oder Google Gemini VEO, usw., doch wie l\u00e4sst sich K\u00fcnstliche Intelligenz konkret nutzen, um produktiver zu arbeiten und Geld zu verdienen? In diesem 90-min\u00fctigen Webinar zeige ich dir anhand praxisnaher Fallstudien, wie Einsteiger, Selbstst\u00e4ndige und Unternehmen KI in den Bereichen Text, Bild, Audio und Video einsetzen, um Prozesse zu automatisieren, Zeit zu sparen und neue Einnahmequellen zu erschlie\u00dfen, verst\u00e4ndlich erkl\u00e4rt, ohne technisches Vorwissen.<br \/>\nIn den letzten 30 Minuten des Webinars besteht die M\u00f6glichkeit Fragen zu stellen.<\/div>\n<\/div>\n<\/div>\n<div>Sie k\u00f6nnen sich unter folgendem Link f\u00fcr das Gratis Live-Webinar registrieren: <a href=\"https:\/\/eu01web.zoom.us\/webinar\/register\/WN_36mt0P00ROWCvqSpklzYgg\" target=\"_blank\" rel=\"noopener\">Registrierung<\/a><\/div>\n<p>[\/vc_column_text][\/vc_column][vc_column width=&#8220;1\/4&#8243;][\/vc_column][\/vc_row]<\/p>\n<\/div>","protected":false},"excerpt":{"rendered":"<p>[vc_row][vc_column][vc_empty_space height=&#8220;100px&#8220;][vc_empty_space height=&#8220;100px&#8220;][\/vc_column][\/vc_row][vc_row][vc_column][vc_row_inner][vc_column_inner width=&#8220;1\/6&#8243;][\/vc_column_inner][vc_column_inner width=&#8220;2\/3&#8243;][vc_column_text css=&#8220;&#8220;] Sie sp\u00fcren den Druck des technologischen Fortschritts und wissen nicht, wo Sie beginnen sollen? Ich begleite Sie pers\u00f6nlich dabei, K\u00fcnstliche Intelligenz souver\u00e4n zu verstehen und gezielt einzusetzen. Lernen Sie, KI zu beherrschen, bevor sie Sie beherrscht. Alle Bilder die sie oben in der Kopfzeile sehen, inkl. der Personen, Gegenst\u00e4nde [&hellip;]<\/p>\n","protected":false},"author":1,"featured_media":0,"parent":0,"menu_order":0,"comment_status":"closed","ping_status":"closed","template":"template-home.php","meta":{"footnotes":""},"class_list":["post-284","page","type-page","status-publish","hentry"],"_links":{"self":[{"href":"https:\/\/rabiha-ansari.de\/index.php?rest_route=\/wp\/v2\/pages\/284","targetHints":{"allow":["GET"]}}],"collection":[{"href":"https:\/\/rabiha-ansari.de\/index.php?rest_route=\/wp\/v2\/pages"}],"about":[{"href":"https:\/\/rabiha-ansari.de\/index.php?rest_route=\/wp\/v2\/types\/page"}],"author":[{"embeddable":true,"href":"https:\/\/rabiha-ansari.de\/index.php?rest_route=\/wp\/v2\/users\/1"}],"replies":[{"embeddable":true,"href":"https:\/\/rabiha-ansari.de\/index.php?rest_route=%2Fwp%2Fv2%2Fcomments&post=284"}],"version-history":[{"count":10,"href":"https:\/\/rabiha-ansari.de\/index.php?rest_route=\/wp\/v2\/pages\/284\/revisions"}],"predecessor-version":[{"id":763,"href":"https:\/\/rabiha-ansari.de\/index.php?rest_route=\/wp\/v2\/pages\/284\/revisions\/763"}],"wp:attachment":[{"href":"https:\/\/rabiha-ansari.de\/index.php?rest_route=%2Fwp%2Fv2%2Fmedia&parent=284"}],"curies":[{"name":"wp","href":"https:\/\/api.w.org\/{rel}","templated":true}]}}